{"id":1897,"date":"2024-01-17T23:42:06","date_gmt":"2024-01-17T23:42:06","guid":{"rendered":"https:\/\/biomeg.co\/spanish\/?post_type=product&#038;p=1897"},"modified":"2024-01-17T23:42:06","modified_gmt":"2024-01-17T23:42:06","slug":"video-colonoscopio-olympus-cf-q150l","status":"publish","type":"product","link":"https:\/\/biomeg.co\/spanish\/producto\/video-colonoscopio-olympus-cf-q150l\/","title":{"rendered":"VIDEO COLONOSCOPIO OLYMPUS CF-Q150L"},"content":{"rendered":"<table style=\"height: 428px;\" width=\"616\">\n<tbody>\n<tr>\n<td width=\"400\"><strong>Di\u00e1metro:<\/strong><\/td>\n<td width=\"572\">12.8 mm<\/td>\n<\/tr>\n<tr>\n<td><strong>Ancho del canal:<\/strong><\/td>\n<td>3.7 mm<\/td>\n<\/tr>\n<tr>\n<td><strong>Campo de visi\u00f3n:<\/strong><\/td>\n<td>140 deg<\/td>\n<\/tr>\n<tr>\n<td><strong>Longitud de trabajo:<\/strong><\/td>\n<td>1680 mm<\/td>\n<\/tr>\n<tr>\n<td><strong>Profundidad del campo:<\/strong><\/td>\n<td>3 to 100 mm<\/td>\n<\/tr>\n<tr>\n<td><strong>Angulaci\u00f3n:<\/strong><\/td>\n<td>180 deg\/180 deg (UP\/DOWN), 160 deg\/160 deg (right\/left)<\/td>\n<\/tr>\n<\/tbody>\n<\/table>\n<p style=\"text-align: center;\">Si no encuentra la referencia de endoscopio que necesita, por favor cont\u00e1ctenos, le brindaremos la soluci\u00f3n ideal para sus necesidades.<\/p>\n<p><img decoding=\"async\" class=\"size-full wp-image-1511 aligncenter\" src=\"http:\/\/biomeg.co\/wp-content\/uploads\/2021\/07\/bandeiras-america.png\" alt=\"\" width=\"1020\" height=\"34\" srcset=\"https:\/\/biomeg.co\/spanish\/wp-content\/uploads\/2021\/07\/bandeiras-america.png 1020w, https:\/\/biomeg.co\/spanish\/wp-content\/uploads\/2021\/07\/bandeiras-america-600x20.png 600w, https:\/\/biomeg.co\/spanish\/wp-content\/uploads\/2021\/07\/bandeiras-america-300x10.png 300w, https:\/\/biomeg.co\/spanish\/wp-content\/uploads\/2021\/07\/bandeiras-america-768x26.png 768w\" sizes=\"(max-width: 1020px) 100vw, 1020px\" \/><\/p>\n<p style=\"text-align: center;\"><strong>Env\u00edos a todo el mundo.<\/strong> Para m\u00e1s informaci\u00f3n cont\u00e1ctenos por <a href=\"mailto:biomegco@gmail.com\">correo electr\u00f3nico<\/a> o <a href=\"https:\/\/wa.link\/bjq3us\">tel\u00e9fono<\/a>, estamos a su servicio.<\/p>\n","protected":false},"excerpt":{"rendered":"<p><img decoding=\"async\" class=\"size-full wp-image-2070 aligncenter\" src=\"http:\/\/biomeg.co\/spanish\/wp-content\/uploads\/2024\/01\/garantia-endoscopios-6-meses.png\" alt=\"\" width=\"135\" height=\"120\" \/><br \/>\n<img decoding=\"async\" class=\"aligncenter wp-image-1729 size-medium\" src=\"http:\/\/biomeg.co\/spanish\/wp-content\/uploads\/2021\/07\/pngegg-300x108.png\" alt=\"\" width=\"300\" height=\"108\" srcset=\"https:\/\/biomeg.co\/spanish\/wp-content\/uploads\/2021\/07\/pngegg-300x108.png 300w, https:\/\/biomeg.co\/spanish\/wp-content\/uploads\/2021\/07\/pngegg-1024x367.png 1024w, https:\/\/biomeg.co\/spanish\/wp-content\/uploads\/2021\/07\/pngegg-768x275.png 768w, https:\/\/biomeg.co\/spanish\/wp-content\/uploads\/2021\/07\/pngegg-600x215.png 600w, https:\/\/biomeg.co\/spanish\/wp-content\/uploads\/2021\/07\/pngegg.png 1400w\" sizes=\"(max-width: 300px) 100vw, 300px\" \/><\/p>\n<p><strong>Incluye:<\/strong> Maleta y v\u00e1lvulas<br \/>\n<strong>Condiciones f\u00edsicas:<\/strong> Muy buena condici\u00f3n<br \/>\n<strong>Condiciones funcionales:<\/strong> Muy buena condici\u00f3n<\/p>\n","protected":false},"featured_media":0,"comment_status":"open","ping_status":"closed","template":"","meta":{"site-sidebar-layout":"default","site-content-layout":"","ast-site-content-layout":"default","site-content-style":"default","site-sidebar-style":"default","ast-global-header-display":"","ast-banner-title-visibility":"","ast-main-header-display":"","ast-hfb-above-header-display":"","ast-hfb-below-header-display":"","ast-hfb-mobile-header-display":"","site-post-title":"","ast-breadcrumbs-content":"","ast-featured-img":"","footer-sml-layout":"","ast-disable-related-posts":"","theme-transparent-header-meta":"default","adv-header-id-meta":"","stick-header-meta":"","header-above-stick-meta":"","header-main-stick-meta":"","header-below-stick-meta":"","astra-migrate-meta-layouts":"set","ast-page-background-enabled":"default","ast-page-background-meta":{"desktop":{"background-color":"","background-image":"","background-repeat":"repeat","background-position":"center center","background-size":"auto","background-attachment":"scroll","background-type":"","background-media":"","overlay-type":"","overlay-color":"","overlay-opacity":"","overlay-gradient":""},"tablet":{"background-color":"","background-image":"","background-repeat":"repeat","background-position":"center center","background-size":"auto","background-attachment":"scroll","background-type":"","background-media":"","overlay-type":"","overlay-color":"","overlay-opacity":"","overlay-gradient":""},"mobile":{"background-color":"","background-image":"","background-repeat":"repeat","background-position":"center center","background-size":"auto","background-attachment":"scroll","background-type":"","background-media":"","overlay-type":"","overlay-color":"","overlay-opacity":"","overlay-gradient":""}},"ast-content-background-meta":{"desktop":{"background-color":"var(--ast-global-color-5)","background-image":"","background-repeat":"repeat","background-position":"center center","background-size":"auto","background-attachment":"scroll","background-type":"","background-media":"","overlay-type":"","overlay-color":"","overlay-opacity":"","overlay-gradient":""},"tablet":{"background-color":"var(--ast-global-color-5)","background-image":"","background-repeat":"repeat","background-position":"center center","background-size":"auto","background-attachment":"scroll","background-type":"","background-media":"","overlay-type":"","overlay-color":"","overlay-opacity":"","overlay-gradient":""},"mobile":{"background-color":"var(--ast-global-color-5)","background-image":"","background-repeat":"repeat","background-position":"center center","background-size":"auto","background-attachment":"scroll","background-type":"","background-media":"","overlay-type":"","overlay-color":"","overlay-opacity":"","overlay-gradient":""}}},"product_cat":[55,21],"product_tag":[23,74,31],"_links":{"self":[{"href":"https:\/\/biomeg.co\/spanish\/wp-json\/wp\/v2\/product\/1897"}],"collection":[{"href":"https:\/\/biomeg.co\/spanish\/wp-json\/wp\/v2\/product"}],"about":[{"href":"https:\/\/biomeg.co\/spanish\/wp-json\/wp\/v2\/types\/product"}],"replies":[{"embeddable":true,"href":"https:\/\/biomeg.co\/spanish\/wp-json\/wp\/v2\/comments?post=1897"}],"wp:attachment":[{"href":"https:\/\/biomeg.co\/spanish\/wp-json\/wp\/v2\/media?parent=1897"}],"wp:term":[{"taxonomy":"product_cat","embeddable":true,"href":"https:\/\/biomeg.co\/spanish\/wp-json\/wp\/v2\/product_cat?post=1897"},{"taxonomy":"product_tag","embeddable":true,"href":"https:\/\/biomeg.co\/spanish\/wp-json\/wp\/v2\/product_tag?post=1897"}],"curies":[{"name":"wp","href":"https:\/\/api.w.org\/{rel}","templated":true}]}}